{"id":46,"date":"2017-06-12T13:55:26","date_gmt":"2017-06-12T13:55:26","guid":{"rendered":"http:\/\/www.asmu.dk\/wordpress\/?page_id=46"},"modified":"2017-06-28T16:05:50","modified_gmt":"2017-06-28T16:05:50","slug":"dvd-film","status":"publish","type":"page","link":"https:\/\/www.asmu.dk\/wordpress\/dvd-film\/","title":{"rendered":"Tydning"},"content":{"rendered":"<p>Her vises film fra Museets samling af DVD-videoer.<br \/>\nAt se fimene kr\u00e6ver et <strong>password<\/strong>, som du f\u00e5r som medlem af Museet.<br \/>\nMedlemskab kan du f\u00e5 her:\u00a0<a href=\"http:\/\/www.asmu.dk\/medlem\/forening.html\">http:\/\/www.asmu.dk\/medlem\/forening.html<\/a><\/p>\n<p><em>Filmene er alene beregnet til studie- og forskningsbrug.<\/em><br \/>\n<em> De m\u00e5 ikke videres\u00e6lges under nogen form.<\/em><\/p>\n<ol>\n<li><a href=\"https:\/\/vimeo.com\/album\/4646510\/video\/222479545\"><strong>Horoskopets fem porte, 1.del<\/strong><\/a> og <a href=\"https:\/\/vimeo.com\/album\/4646510\/video\/222479689\"><strong>2.del<\/strong><\/a> \u2013 v\/ Claus Houlberg (2004)<\/li>\n<li><a href=\"https:\/\/vimeo.com\/album\/4646510\/video\/222478678\"><strong>Aspekternes logik<\/strong><\/a> \u2013 v\/ Claus Houlberg (2011)<\/li>\n<li><a href=\"https:\/\/vimeo.com\/album\/4646510\/video\/223459615\"><strong>Progression og transit, 1.del<\/strong><\/a> og <a href=\"https:\/\/vimeo.com\/album\/4646510\/video\/223459929\"><strong>2.del<\/strong><\/a> \u2013 v\/ Claus Houlberg (2006)<\/li>\n<li><a href=\"https:\/\/vimeo.com\/album\/4646510\/video\/222480922\"><strong>Simpel aksekorrektion<\/strong><\/a> \u2013 v\/ Claus Houlberg (2011)<\/li>\n<li><a href=\"https:\/\/vimeo.com\/album\/4646510\/video\/223419758\"><strong>Synastri<\/strong><\/a> \u2013 v\/ Claus Houlberg (2007)<\/li>\n<li>Fixstjerner \u2013 v\/ Sigvard Mahler Dam<br \/>\n&#8212;<br \/>\nPLANETERNE<\/li>\n<li><a href=\"https:\/\/vimeo.com\/album\/4646415\/video\/222471155\"><strong>Ceres<\/strong><\/a> \u2013 v\/ Claus Houlberg (2011)<\/li>\n<li><a href=\"https:\/\/vimeo.com\/album\/4646415\/video\/222471403\"><strong>Jupiter<\/strong><\/a> \u2013 v\/ Claus Houlberg (2002)<\/li>\n<li><a href=\"https:\/\/vimeo.com\/album\/4646415\/video\/222471518\"><strong>Saturn<\/strong><\/a> \u2013 v\/ Claus Houlberg (2001)<\/li>\n<li><a href=\"https:\/\/vimeo.com\/album\/4646415\/video\/222471632\"><strong>Uranus<\/strong><\/a> \u2013 v\/ Claus Houlberg (2010)<\/li>\n<li><a href=\"https:\/\/vimeo.com\/album\/4646415\/video\/222471940\"><strong>Neptun<\/strong><\/a> \u2013 v\/ Claus Houlberg (2001)<\/li>\n<li><a href=\"https:\/\/vimeo.com\/album\/4646415\/video\/222472045\"><strong>Pluto<\/strong><\/a> \u2013 v\/ Claus Houlberg (2001)<\/li>\n<li>Haumea<\/li>\n<li><a href=\"https:\/\/vimeo.com\/album\/4646415\/video\/223418950\"><strong>Makemake<\/strong><\/a> \u2013 v\/ Claus Houlberg (2014)<\/li>\n<li><a href=\"https:\/\/vimeo.com\/album\/4646415\/video\/222478190\"><strong>Eris<\/strong><\/a> \u2013 v\/ Claus Houlberg (2010)<\/li>\n<\/ol>\n<p>&nbsp;<\/p>\n","protected":false},"excerpt":{"rendered":"<p>Her vises film fra Museets samling af DVD-videoer. At se fimene kr\u00e6ver et password, som du f\u00e5r som medlem af Museet. Medlemskab kan du f\u00e5 her:\u00a0http:\/\/www.asmu.dk\/medlem\/forening.html Filmene er alene beregnet til studie- og forskningsbrug. De m\u00e5 ikke videres\u00e6lges under nogen form. Horoskopets fem porte, 1.del og 2.del \u2013 v\/ Claus Houlberg (2004) Aspekternes logik \u2013 &hellip; <\/p>\n<p class=\"link-more\"><a href=\"https:\/\/www.asmu.dk\/wordpress\/dvd-film\/\" class=\"more-link\">L\u00e6s videre<span class=\"screen-reader-text\"> &#8220;Tydning&#8221;<\/span><\/a><\/p>\n","protected":false},"author":1,"featured_media":0,"parent":0,"menu_order":0,"comment_status":"closed","ping_status":"closed","template":"","meta":{"footnotes":""},"class_list":["post-46","page","type-page","status-publish","hentry"],"_links":{"self":[{"href":"https:\/\/www.asmu.dk\/wordpress\/wp-json\/wp\/v2\/pages\/46","targetHints":{"allow":["GET"]}}],"collection":[{"href":"https:\/\/www.asmu.dk\/wordpress\/wp-json\/wp\/v2\/pages"}],"about":[{"href":"https:\/\/www.asmu.dk\/wordpress\/wp-json\/wp\/v2\/types\/page"}],"author":[{"embeddable":true,"href":"https:\/\/www.asmu.dk\/wordpress\/wp-json\/wp\/v2\/users\/1"}],"replies":[{"embeddable":true,"href":"https:\/\/www.asmu.dk\/wordpress\/wp-json\/wp\/v2\/comments?post=46"}],"version-history":[{"count":38,"href":"https:\/\/www.asmu.dk\/wordpress\/wp-json\/wp\/v2\/pages\/46\/revisions"}],"predecessor-version":[{"id":86,"href":"https:\/\/www.asmu.dk\/wordpress\/wp-json\/wp\/v2\/pages\/46\/revisions\/86"}],"wp:attachment":[{"href":"https:\/\/www.asmu.dk\/wordpress\/wp-json\/wp\/v2\/media?parent=46"}],"curies":[{"name":"wp","href":"https:\/\/api.w.org\/{rel}","templated":true}]}}