{"id":38,"date":"2017-06-12T13:46:02","date_gmt":"2017-06-12T13:46:02","guid":{"rendered":"http:\/\/www.asmu.dk\/wordpress\/?page_id=38"},"modified":"2017-06-21T10:18:47","modified_gmt":"2017-06-21T10:18:47","slug":"museets-egne-film","status":"publish","type":"page","link":"https:\/\/www.asmu.dk\/wordpress\/museets-egne-film\/","title":{"rendered":"Filosofi og historie"},"content":{"rendered":"<p>Her findes is\u00e6r de videofilm, som Museet selv har udgivet i tidens l\u00f8b.<br \/>\nAt se fimene kr\u00e6ver et <strong>password<\/strong>, som du f\u00e5r som medlem af Museet.<br \/>\nMedlemskab kan du f\u00e5 her:\u00a0<a href=\"http:\/\/www.asmu.dk\/medlem\/forening.html\">http:\/\/www.asmu.dk\/medlem\/forening.html<\/a><\/p>\n<p><em>Filmene er alene beregnet til studie- og forskningsbrug.<\/em><br \/>\n<em> De m\u00e5 ikke videres\u00e6lges under nogen form.<\/em><\/p>\n<ol>\n<li><a href=\"https:\/\/vimeo.com\/album\/4633543\/video\/72665378\"><strong>Astrologi som videnskab, 1.del <\/strong><\/a>og<a href=\"https:\/\/vimeo.com\/album\/4633543\/video\/73124180\"><strong> 2.del<\/strong><\/a>\u00a0\u2013 v\/ Claus Houlberg (2010)<\/li>\n<li><a href=\"https:\/\/vimeo.com\/221433349\"><strong>Astrologisk filosofi, 1.del<\/strong><\/a> og <a href=\"https:\/\/vimeo.com\/221433858\"><strong>2.del<\/strong><\/a>\u00a0\u2013 v\/ Claus Houlberg (2009)<\/li>\n<li><a href=\"https:\/\/vimeo.com\/album\/4633543\/video\/72177053\"><strong>Astrologiens historie, 1.del <\/strong><\/a>og<a href=\"https:\/\/vimeo.com\/album\/4633543\/video\/72178226\"><strong> 2.del<\/strong><\/a>\u00a0\u2013 v\/ Claus Houlberg (2008)<\/li>\n<li><a href=\"https:\/\/vimeo.com\/album\/4633543\/video\/72643825\"><strong>Dansk astrologi, 1.del <\/strong><\/a>og<strong><a href=\"https:\/\/vimeo.com\/album\/4633543\/video\/72644123\"> 2.del<\/a>\u00a0<\/strong>\u00a0\u2013 v\/ Claus Houlberg (2008)<\/li>\n<li><a href=\"https:\/\/vimeo.com\/album\/4633543\/video\/72664286\"><strong>Danske astrologer i renaissancen<\/strong><\/a>\u00a0\u2013 v\/ Claus Houlberg (2008)<\/li>\n<li><a href=\"https:\/\/vimeo.com\/album\/4633543\/video\/221586870\"><strong>Astronomi for astrologer, 1.del<\/strong><\/a> og <a href=\"https:\/\/vimeo.com\/album\/4633543\/video\/221587041\"><strong>2.del<\/strong><\/a> \u2013 v\/ Claus Houlberg (2008)<\/li>\n<li><a href=\"https:\/\/vimeo.com\/album\/4633543\/video\/222479101\"><strong>Selvst\u00e6ndig som astrolog 1.del<\/strong><\/a> og <a href=\"https:\/\/vimeo.com\/album\/4633543\/video\/222479239\"><strong>2.del<\/strong><\/a> \u2013 v\/ Claus Houlberg (2008)<\/li>\n<li><a href=\"https:\/\/vimeo.com\/album\/4633543\/video\/222480593\"><strong>Klinisk astrologi<\/strong><\/a> \u2013 v\/ Claus Houlberg (2008)<\/li>\n<li><a href=\"https:\/\/vimeo.com\/album\/4633543\/video\/222491545\"><strong>Astrologisk Museum og Tycho Brahe<\/strong><\/a> \u2013 v\/ Gilbert Tj\u00f8rnum (2008)<\/li>\n<\/ol>\n","protected":false},"excerpt":{"rendered":"<p>Her findes is\u00e6r de videofilm, som Museet selv har udgivet i tidens l\u00f8b. At se fimene kr\u00e6ver et password, som du f\u00e5r som medlem af Museet. Medlemskab kan du f\u00e5 her:\u00a0http:\/\/www.asmu.dk\/medlem\/forening.html Filmene er alene beregnet til studie- og forskningsbrug. De m\u00e5 ikke videres\u00e6lges under nogen form. Astrologi som videnskab, 1.del og 2.del\u00a0\u2013 v\/ Claus Houlberg &hellip; <\/p>\n<p class=\"link-more\"><a href=\"https:\/\/www.asmu.dk\/wordpress\/museets-egne-film\/\" class=\"more-link\">L\u00e6s videre<span class=\"screen-reader-text\"> &#8220;Filosofi og historie&#8221;<\/span><\/a><\/p>\n","protected":false},"author":1,"featured_media":0,"parent":0,"menu_order":0,"comment_status":"closed","ping_status":"closed","template":"","meta":{"footnotes":""},"class_list":["post-38","page","type-page","status-publish","hentry"],"_links":{"self":[{"href":"https:\/\/www.asmu.dk\/wordpress\/wp-json\/wp\/v2\/pages\/38","targetHints":{"allow":["GET"]}}],"collection":[{"href":"https:\/\/www.asmu.dk\/wordpress\/wp-json\/wp\/v2\/pages"}],"about":[{"href":"https:\/\/www.asmu.dk\/wordpress\/wp-json\/wp\/v2\/types\/page"}],"author":[{"embeddable":true,"href":"https:\/\/www.asmu.dk\/wordpress\/wp-json\/wp\/v2\/users\/1"}],"replies":[{"embeddable":true,"href":"https:\/\/www.asmu.dk\/wordpress\/wp-json\/wp\/v2\/comments?post=38"}],"version-history":[{"count":30,"href":"https:\/\/www.asmu.dk\/wordpress\/wp-json\/wp\/v2\/pages\/38\/revisions"}],"predecessor-version":[{"id":137,"href":"https:\/\/www.asmu.dk\/wordpress\/wp-json\/wp\/v2\/pages\/38\/revisions\/137"}],"wp:attachment":[{"href":"https:\/\/www.asmu.dk\/wordpress\/wp-json\/wp\/v2\/media?parent=38"}],"curies":[{"name":"wp","href":"https:\/\/api.w.org\/{rel}","templated":true}]}}