{"id":131,"date":"2017-06-21T08:48:01","date_gmt":"2017-06-21T08:48:01","guid":{"rendered":"http:\/\/www.asmu.dk\/wordpress\/?page_id=131"},"modified":"2017-06-28T16:18:31","modified_gmt":"2017-06-28T16:18:31","slug":"anvendt-astrologi","status":"publish","type":"page","link":"https:\/\/www.asmu.dk\/wordpress\/anvendt-astrologi\/","title":{"rendered":"Anvendt astrologi"},"content":{"rendered":"<p>Her findes \u00a0videofilm fra konferencen Anvendt Astrologi, som blev afholdt i Astrologihuset, Kbh.<br \/>\nAt se fimene kr\u00e6ver et <strong>password<\/strong>, som du f\u00e5r som medlem af Museet.<br \/>\nMedlemskab kan du f\u00e5 her:\u00a0<a href=\"http:\/\/www.asmu.dk\/medlem\/forening.html\">http:\/\/www.asmu.dk\/medlem\/forening.html<\/a><\/p>\n<p><em>Filmene er alene beregnet til studie- og forskningsbrug.<\/em><br \/>\n<em> De m\u00e5 ikke videres\u00e6lges under nogen form.<\/em><\/p>\n<ol>\n<li><a href=\"https:\/\/vimeo.com\/album\/4633549\/video\/221581201\"><strong>P\u00e5 tegngr\u00e6nsen<\/strong><\/a> \u2013 v\/ Johan Hjelmborg\u00a0 (2006)<\/li>\n<li><a href=\"https:\/\/vimeo.com\/album\/4633549\/video\/221581498\"><strong>Esoterisk astrologi og de 7 str\u00e5ler<\/strong><\/a> \u2013 v\/ Holger Stavnsbjerg (2006)<\/li>\n<li><a href=\"https:\/\/vimeo.com\/album\/4633549\/video\/221581888\"><strong>\u00d8jebliksastrologi<\/strong><\/a> \u2013 v\/ Arlette G\u00fcrtler (2006)<\/li>\n<li><a href=\"https:\/\/vimeo.com\/album\/4633549\/video\/221582282\"><strong>Terapeutisk astrologi<\/strong><\/a> \u2013 v\/ Claus Houlberg (2006)<\/li>\n<li><a href=\"https:\/\/vimeo.com\/album\/4633549\/video\/221582684\"><strong>Spirituel ledelse<\/strong><\/a> \u2013 v\/ Karen Boesen (2006)<\/li>\n<li><a href=\"https:\/\/vimeo.com\/album\/4633549\/video\/221582947\"><strong>Den astrologiske relativitetsteori<\/strong><\/a> \u2013 v\/ Gilbert Tj\u00f8rnum (2006)<\/li>\n<li><a href=\"https:\/\/vimeo.com\/album\/4633549\/video\/221583299\"><strong>Storbyers horoskoper og de 7 str\u00e5ler<\/strong><\/a> \u2013 v\/ Holger Stavnsbjerg (2006)<\/li>\n<li><a href=\"https:\/\/vimeo.com\/album\/4633549\/video\/221583583\"><strong>Zodiaktegn<\/strong><\/a> \u2013 v\/ Louise Kirsebom (2006)<\/li>\n<li><a href=\"https:\/\/vimeo.com\/album\/4633549\/video\/221583843\"><strong>Indisk astrologi<\/strong><\/a> \u2013 v\/ Finn Wandahl (2006)<\/li>\n<li><a href=\"https:\/\/vimeo.com\/album\/4633549\/video\/221584249\"><strong>Venus vender tilbage<\/strong><\/a> \u2013 v\/ Louise Kirsebom (2006)<\/li>\n<li><a href=\"https:\/\/vimeo.com\/album\/4633549\/video\/221584674\"><strong>Forudsigelser via de store planetcykler<\/strong><\/a> \u2013 v\/ Adrian Duncan (2006)<\/li>\n<li><a href=\"https:\/\/vimeo.com\/album\/4633549\/video\/221584957\"><strong>F\u00f8dselsmyten<\/strong><\/a> \u2013 v\/ Christian Borup (2006)<\/li>\n<\/ol>\n","protected":false},"excerpt":{"rendered":"<p>Her findes \u00a0videofilm fra konferencen Anvendt Astrologi, som blev afholdt i Astrologihuset, Kbh. At se fimene kr\u00e6ver et password, som du f\u00e5r som medlem af Museet. Medlemskab kan du f\u00e5 her:\u00a0http:\/\/www.asmu.dk\/medlem\/forening.html Filmene er alene beregnet til studie- og forskningsbrug. De m\u00e5 ikke videres\u00e6lges under nogen form. P\u00e5 tegngr\u00e6nsen \u2013 v\/ Johan Hjelmborg\u00a0 (2006) Esoterisk astrologi &hellip; <\/p>\n<p class=\"link-more\"><a href=\"https:\/\/www.asmu.dk\/wordpress\/anvendt-astrologi\/\" class=\"more-link\">L\u00e6s videre<span class=\"screen-reader-text\"> &#8220;Anvendt astrologi&#8221;<\/span><\/a><\/p>\n","protected":false},"author":1,"featured_media":0,"parent":0,"menu_order":0,"comment_status":"closed","ping_status":"closed","template":"","meta":{"footnotes":""},"class_list":["post-131","page","type-page","status-publish","hentry"],"_links":{"self":[{"href":"https:\/\/www.asmu.dk\/wordpress\/wp-json\/wp\/v2\/pages\/131","targetHints":{"allow":["GET"]}}],"collection":[{"href":"https:\/\/www.asmu.dk\/wordpress\/wp-json\/wp\/v2\/pages"}],"about":[{"href":"https:\/\/www.asmu.dk\/wordpress\/wp-json\/wp\/v2\/types\/page"}],"author":[{"embeddable":true,"href":"https:\/\/www.asmu.dk\/wordpress\/wp-json\/wp\/v2\/users\/1"}],"replies":[{"embeddable":true,"href":"https:\/\/www.asmu.dk\/wordpress\/wp-json\/wp\/v2\/comments?post=131"}],"version-history":[{"count":5,"href":"https:\/\/www.asmu.dk\/wordpress\/wp-json\/wp\/v2\/pages\/131\/revisions"}],"predecessor-version":[{"id":152,"href":"https:\/\/www.asmu.dk\/wordpress\/wp-json\/wp\/v2\/pages\/131\/revisions\/152"}],"wp:attachment":[{"href":"https:\/\/www.asmu.dk\/wordpress\/wp-json\/wp\/v2\/media?parent=131"}],"curies":[{"name":"wp","href":"https:\/\/api.w.org\/{rel}","templated":true}]}}